{"id":5676,"date":"2025-04-15T12:54:38","date_gmt":"2025-04-15T15:54:38","guid":{"rendered":"https:\/\/serhsnatalgrandhotel.com\/?page_id=5676"},"modified":"2026-02-26T11:00:28","modified_gmt":"2026-02-26T14:00:28","slug":"aviso-legal","status":"publish","type":"page","link":"https:\/\/serhsnatalgrandhotel.com\/es\/aviso-legal\/","title":{"rendered":"Aviso Legal"},"content":{"rendered":"<div class=\"wpb-content-wrapper\"><p>[vc_row disable_element=\u00bbyes\u00bb][vc_column][vc_column_text]<\/p>\r\n\r\n<h1 class=\"wp-block-heading\">NOTA LEGAL<\/h1>\r\n<p>&nbsp;<\/p>\r\n<h2 class=\"wp-block-heading\">NOTA LEGAL &#8211; Serhs Brasil Empreendimientos Tur\u00edsticos LTDA<\/h2>\r\n<p>\u00a0<\/p>\r\n\r\n\r\n\r\n<p>CNPJ: 09.374.554\/0001-23<\/p>\r\n<article class=\"text-token-text-primary w-full focus:outline-none [--shadow-height:45px] has-data-writing-block:pointer-events-none has-data-writing-block:-mt-(--shadow-height) has-data-writing-block:pt-(--shadow-height) [&amp;:has([data-writing-block])&gt;*]:pointer-events-auto [content-visibility:auto] supports-[content-visibility:auto]:[contain-intrinsic-size:auto_100lvh] scroll-mt-[calc(var(--header-height)+min(200px,max(70px,20svh)))]\" dir=\"auto\" tabindex=\"-1\" data-turn-id=\"887d40e8-7281-443c-a999-12a522038668\" data-testid=\"conversation-turn-2\" data-scroll-anchor=\"true\" data-turn=\"assistant\">\r\n<div class=\"text-base my-auto mx-auto pb-10 [--thread-content-margin:--spacing(4)] thread-sm:[--thread-content-margin:--spacing(6)] thread-lg:[--thread-content-margin:--spacing(16)] px-(--thread-content-margin)\">\r\n<div class=\"[--thread-content-max-width:40rem] thread-lg:[--thread-content-max-width:48rem] mx-auto max-w-(--thread-content-max-width) flex-1 group\/turn-messages focus-visible:outline-hidden relative flex w-full min-w-0 flex-col agent-turn\" tabindex=\"-1\">\r\n<div class=\"flex max-w-full flex-col grow\">\r\n<div class=\"min-h-8 text-message relative flex w-full flex-col items-end gap-2 text-start break-words whitespace-normal [.text-message+&amp;]:mt-1\" dir=\"auto\" data-message-author-role=\"assistant\" data-message-id=\"b969a9f9-fc5d-4d63-b83c-071b0f7cf0c5\" data-message-model-slug=\"gpt-5\">\r\n<div class=\"flex w-full flex-col gap-1 empty:hidden first:pt-[1px]\">\r\n<div class=\"markdown prose dark:prose-invert w-full break-words light markdown-new-styling\">\r\n<p data-start=\"0\" data-end=\"152\"><strong data-start=\"27\" data-end=\"43\">Sede social:<\/strong> Av. Senador Dinarte Medeiros Mariz, 6045 &#8211; Via Costeira &#8211; 59090-002 &#8211; Natal &#8211; Rio Grande do Norte &#8211; Brasil<\/p>\r\n<\/div>\r\n<div class=\"markdown prose dark:prose-invert w-full break-words light markdown-new-styling\">\r\n<p data-start=\"154\" data-end=\"456\"><strong data-start=\"154\" data-end=\"202\">SERHS BRASIL EMPREENDIMENTOS TURISTICOS LTDA<\/strong> informa que os dados pessoais coletados neste site ser\u00e3o tratados em conformidade com os requisitos estabelecidos na Lei Org\u00e2nica 15\/1999, de 13 de dezembro, de Prote\u00e7\u00e3o de Dados de Car\u00e1ter Pessoal, em respeito absoluto aos direitos de seus titulares.<\/p>\r\n<p data-start=\"458\" data-end=\"814\">Com o prop\u00f3sito de gerenciar os servi\u00e7os solicitados pelos titulares das reservas e participar, se necess\u00e1rio, de seus pedidos de informa\u00e7\u00f5es, os dados coletados atrav\u00e9s desses formul\u00e1rios ser\u00e3o incorporados nos arquivos do <strong data-start=\"682\" data-end=\"700\">\u00abSERHS HOTELS\u00bb<\/strong> e ser\u00e3o tratados em todos os momentos de acordo com os regulamentos de prote\u00e7\u00e3o de dados anteriormente citados.<\/p>\r\n<p data-start=\"816\" data-end=\"1143\">Em nenhum caso dever\u00e3o ser cedidos a terceiros sem o consentimento pr\u00e9vio do interessado, exceto nos casos previstos na lei. Com o preenchimento dos formul\u00e1rios da <strong data-start=\"980\" data-end=\"1028\">SERHS BRASIL EMPREENDIMENTOS TURISTICOS LTDA<\/strong>, entendemos que temos o consentimento do remetente para lhe enviar informa\u00e7\u00f5es comerciais sobre nossos servi\u00e7os.<\/p>\r\n<p data-start=\"1145\" data-end=\"1342\">A <strong data-start=\"1147\" data-end=\"1195\">SERHS BRASIL EMPREENDIMENTOS TURISTICOS LTDA<\/strong> informa que, para exercer o direito de acesso, modifica\u00e7\u00e3o e\/ou cancelamento de informa\u00e7\u00f5es pessoais, os propriet\u00e1rios dos dados podem contatar:<\/p>\r\n<p data-start=\"1344\" data-end=\"1538\"><strong data-start=\"1344\" data-end=\"1392\">SERHS BRASIL EMPREENDIMENTOS TURISTICOS LTDA<\/strong><br data-start=\"1392\" data-end=\"1395\" \/>Av. Senador Dinarte Medeiros Mariz, 6045 &#8211; Via Costeira &#8211; 59090-002 &#8211; Natal &#8211; Rio Grande do Norte &#8211; Brasil<br data-start=\"1501\" data-end=\"1504\" \/>E-mail: <strong data-start=\"1512\" data-end=\"1536\"><a class=\"decorated-link cursor-pointer\" rel=\"noopener\" data-start=\"1514\" data-end=\"1534\">info@serhshotels.com<\/a><\/strong><\/p>\r\n<p data-start=\"1540\" data-end=\"1876\">A data da \u00faltima atualiza\u00e7\u00e3o do site dever\u00e1 ser considerada como informa\u00e7\u00e3o introdut\u00f3ria para o usu\u00e1rio, para servi\u00e7os e outras informa\u00e7\u00f5es que incorporam suas p\u00e1ginas. O usu\u00e1rio pode confirmar a data de atualiza\u00e7\u00e3o de qualquer informa\u00e7\u00e3o, se solicitado, enviando um e-mail clicando no link <strong data-start=\"1831\" data-end=\"1844\">\u201cContato\u201d<\/strong> inclu\u00eddo na p\u00e1gina principal.<\/p>\r\n<p data-start=\"1878\" data-end=\"2098\">A <strong data-start=\"1880\" data-end=\"1928\">SERHS BRASIL EMPREENDIMENTOS TURISTICOS LTDA<\/strong> pode modificar a qualquer momento os termos deste Aviso Legal, publicando neste site a vers\u00e3o atualizada, sem a necessidade de qualquer outra notifica\u00e7\u00e3o aos usu\u00e1rios.<\/p>\r\n<p data-start=\"2100\" data-end=\"2476\" data-is-last-node=\"\" data-is-only-node=\"\">Todas as informa\u00e7\u00f5es ou a forma de compila\u00e7\u00e3o das informa\u00e7\u00f5es contidas no dom\u00ednio deste site, como a coleta de informa\u00e7\u00f5es, design gr\u00e1fico, imagens, c\u00f3digo-fonte, m\u00e1scaras, nomes comerciais, denomina\u00e7\u00f5es, entre outros sinais distintivos, estar\u00e3o sujeitos aos direitos de propriedade intelectual e industrial da <strong data-start=\"2411\" data-end=\"2459\">SERHS BRASIL EMPREENDIMENTOS TURISTICOS LTDA<\/strong> ou de terceiros.<\/p>\r\n<\/div>\r\n<p data-start=\"2100\" data-end=\"2476\" data-is-last-node=\"\" data-is-only-node=\"\">\u00a0<\/p>\r\n<\/div>\r\n<\/div>\r\n<\/div>\r\n<\/div>\r\n<\/div>\r\n<\/article>\r\n<p>[\/vc_column_text][\/vc_column][\/vc_row][vc_section][vc_row][vc_column]<div class=\"ult-spacer spacer-69e59cee4ca73\" data-id=\"69e59cee4ca73\" data-height=\"75\" data-height-mobile=\"75\" data-height-tab=\"75\" data-height-tab-portrait=\"\" data-height-mobile-landscape=\"\" style=\"clear:both;display:block;\"><\/div>[\/vc_column][\/vc_row][vc_row][vc_column width=\u00bb1\/6&#8243;][\/vc_column][vc_column width=\u00bb2\/3&#8243;]<div class=\"ult-spacer spacer-69e59cee4cb1f\" data-id=\"69e59cee4cb1f\" data-height=\"75\" data-height-mobile=\"75\" data-height-tab=\"75\" data-height-tab-portrait=\"\" data-height-mobile-landscape=\"\" style=\"clear:both;display:block;\"><\/div>[vc_wp_text el_class=\u00bbtitle-title\u00bb]<\/p>\r\n<p>AVISO LEGAL<\/p>\r\n<p>[\/vc_wp_text]<div class=\"ult-spacer spacer-69e59cee4cb63\" data-id=\"69e59cee4cb63\" data-height=\"15\" data-height-mobile=\"15\" data-height-tab=\"15\" data-height-tab-portrait=\"\" data-height-mobile-landscape=\"\" style=\"clear:both;display:block;\"><\/div>[vc_wp_text]<\/p>\r\n<p><strong>SERHS BRASIL EMPREENDIMENTOS TURISTICOS LTDA<\/strong><\/p>\r\n<p><strong>CNPJ: 09374554000123<\/strong><\/p>\r\n<p>[\/vc_wp_text][vc_wp_text]<\/p>\r\n<p>Domicilio social: Av. Senador Dinarte Medeiros Mariz, 6045 \u2013 Via Costeira \u2013 59090-002 \u2013 Natal \u2013 Rio Grande do Norte \u2013 Brasil<\/p>\r\n<p>&nbsp;<\/p>\r\n<p>SERHS BRASIL EMPREENDIMENTOS TUR\u00cdSTICOS LTDA informa que los datos personales recogidos en este sitio web ser\u00e1n tratados de conformidad con los requisitos establecidos en la Ley Org\u00e1nica 15\/1999, de 13 de diciembre, de Protecci\u00f3n de Datos de Car\u00e1cter Personal, con absoluto respeto a los derechos de sus titulares.<\/p>\r\n<p>&nbsp;<\/p>\r\n<p>Con el fin de gestionar los servicios solicitados por los titulares de las reservas y, en su caso, atender sus solicitudes de informaci\u00f3n, los datos recogidos a trav\u00e9s de estos formularios se incorporar\u00e1n a los archivos de \u201cSERHS HOTELS\u201d y ser\u00e1n tratados en todo momento de acuerdo con la normativa de protecci\u00f3n de datos anteriormente citada.<\/p>\r\n<p>&nbsp;<\/p>\r\n<p>En ning\u00fan caso dichos datos ser\u00e1n cedidos a terceros sin el consentimiento previo del interesado, salvo en los supuestos previstos legalmente. Mediante la cumplimentaci\u00f3n de los formularios de SERHS BRASIL EMPREENDIMENTOS TUR\u00cdSTICOS LTDA, se entiende que contamos con el consentimiento del remitente para el env\u00edo de informaci\u00f3n comercial sobre nuestros servicios.<\/p>\r\n<p>&nbsp;<\/p>\r\n<p><strong>SERHS BRASIL EMPREENDIMENTOS TUR\u00cdSTICOS LTDA<\/strong> informa que, para ejercer los derechos de acceso, rectificaci\u00f3n y\/o cancelaci\u00f3n de datos personales, los titulares de los datos pueden dirigirse a:<\/p>\r\n<p>&nbsp;<\/p>\r\n<p><strong>SERHS BRASIL EMPREENDIMENTOS TUR\u00cdSTICOS LTDA<\/strong> \u2013 Av. Senador Dinarte Medeiros Mariz, 6045 \u2013 Via Costeira \u2013 59090-002 \u2013 Natal \u2013 Rio Grande do Norte \u2013 Brasil, o a <a rel=\"noopener\" data-start=\"3996\" data-end=\"4016\">info@serhshotels.com<\/a>. La fecha de la \u00faltima actualizaci\u00f3n del sitio web se considerar\u00e1 como informaci\u00f3n introductoria para el usuario respecto a los servicios y dem\u00e1s informaci\u00f3n incluida en sus p\u00e1ginas. El usuario podr\u00e1 confirmar la fecha de actualizaci\u00f3n de cualquier informaci\u00f3n, si as\u00ed lo solicita, enviando un correo electr\u00f3nico a trav\u00e9s del enlace \u201cContacto\u201d incluido en la p\u00e1gina principal.<\/p>\r\n<p>&nbsp;<\/p>\r\n<p><strong>SERHS BRASIL EMPREENDIMENTOS TUR\u00cdSTICOS LTDA<\/strong> podr\u00e1 modificar en cualquier momento los t\u00e9rminos del presente Aviso Legal, publicando la versi\u00f3n actualizada en este sitio web, sin necesidad de notificaci\u00f3n adicional a los usuarios.<\/p>\r\n<p>&nbsp;<\/p>\r\n<p>Toda la informaci\u00f3n o la forma de compilaci\u00f3n de la informaci\u00f3n contenida en el dominio de este sitio web, incluyendo la recogida de datos, el dise\u00f1o gr\u00e1fico, las im\u00e1genes, el c\u00f3digo fuente, las maquetas, los nombres comerciales, las denominaciones y otros signos distintivos, estar\u00e1n sujetos a los derechos de propiedad intelectual e industrial de SERHS BRASIL EMPREENDIMENTOS TUR\u00cdSTICOS LTDA o de terceros.<\/p>\r\n<p>[\/vc_wp_text]<div class=\"ult-spacer spacer-69e59cee4cba1\" data-id=\"69e59cee4cba1\" data-height=\"25\" data-height-mobile=\"25\" data-height-tab=\"25\" data-height-tab-portrait=\"\" data-height-mobile-landscape=\"\" style=\"clear:both;display:block;\"><\/div>[\/vc_column][vc_column width=\u00bb1\/6&#8243;][\/vc_column][\/vc_row][\/vc_section][vc_section][vc_row][vc_column]<div class=\"ult-spacer spacer-69e59cee4cbd6\" data-id=\"69e59cee4cbd6\" data-height=\"75\" data-height-mobile=\"75\" data-height-tab=\"75\" data-height-tab-portrait=\"\" data-height-mobile-landscape=\"\" style=\"clear:both;display:block;\"><\/div>[\/vc_column][\/vc_row][\/vc_section]<\/p><\/div>","protected":false},"excerpt":{"rendered":"<p>[vc_row disable_element=\u00bbyes\u00bb][vc_column][vc_column_text] NOTA LEGAL &nbsp; NOTA LEGAL &#8211; Serhs Brasil Empreendimientos Tur\u00edsticos LTDA \u00a0 CNPJ: 09.374.554\/0001-23 Sede social: Av. Senador Dinarte Medeiros Mariz, 6045 &#8211; Via Costeira &#8211; 59090-002 &#8211; Natal &#8211; Rio Grande do Norte &#8211; Brasil SERHS BRASIL EMPREENDIMENTOS TURISTICOS LTDA informa que os dados pessoais coletados neste site ser\u00e3o tratados em conformidade [&hellip;]<\/p>\n","protected":false},"author":7,"featured_media":0,"parent":0,"menu_order":0,"comment_status":"closed","ping_status":"open","template":"","meta":{"_acf_changed":false,"footnotes":""},"class_list":["post-5676","page","type-page","status-publish","hentry"],"acf":[],"_links":{"self":[{"href":"https:\/\/serhsnatalgrandhotel.com\/es\/wp-json\/wp\/v2\/pages\/5676","targetHints":{"allow":["GET"]}}],"collection":[{"href":"https:\/\/serhsnatalgrandhotel.com\/es\/wp-json\/wp\/v2\/pages"}],"about":[{"href":"https:\/\/serhsnatalgrandhotel.com\/es\/wp-json\/wp\/v2\/types\/page"}],"author":[{"embeddable":true,"href":"https:\/\/serhsnatalgrandhotel.com\/es\/wp-json\/wp\/v2\/users\/7"}],"replies":[{"embeddable":true,"href":"https:\/\/serhsnatalgrandhotel.com\/es\/wp-json\/wp\/v2\/comments?post=5676"}],"version-history":[{"count":5,"href":"https:\/\/serhsnatalgrandhotel.com\/es\/wp-json\/wp\/v2\/pages\/5676\/revisions"}],"predecessor-version":[{"id":6318,"href":"https:\/\/serhsnatalgrandhotel.com\/es\/wp-json\/wp\/v2\/pages\/5676\/revisions\/6318"}],"wp:attachment":[{"href":"https:\/\/serhsnatalgrandhotel.com\/es\/wp-json\/wp\/v2\/media?parent=5676"}],"curies":[{"name":"wp","href":"https:\/\/api.w.org\/{rel}","templated":true}]}}