{"id":5503,"date":"2025-09-02T09:04:23","date_gmt":"2025-09-02T12:04:23","guid":{"rendered":"https:\/\/serhsnatalgrandhotel.com\/?page_id=5503"},"modified":"2026-02-11T15:07:37","modified_gmt":"2026-02-11T18:07:37","slug":"kids-club","status":"publish","type":"page","link":"https:\/\/serhsnatalgrandhotel.com\/es\/kids-club\/","title":{"rendered":"Kids&#8217; Club"},"content":{"rendered":"<div class=\"wpb-content-wrapper\"><p>[vc_row full_width=\u00bbstretch_row_content_no_spaces\u00bb el_class=\u00bbbanner-reserva\u00bb][vc_column]<div class='cabecera lazyload' style='background-image:inherit;' data-bg-image='url(https:\/\/serhsnatalgrandhotel.com\/wp-content\/uploads\/2025\/10\/SN-10-Custom-1.jpg)'><div class='cabecera-container'><p class='title-little' style='text-align:center;'>Jugar, crear y explorar<\/p><p class='title-display-big' style='text-align:center;'>Kids&#039; Club<\/p><\/div><div class='sticky-booking'><section id=\"bookingWidget\" class=\"custom-booking-banner-wrapper\">\n\n  <!-- CONTENEDOR DEL BLOQUE EN HOME -->\n  <div class=\"custom-booking-banner\">\n\n    <!-- FILA DE VENTAJAS (arriba siempre) -->\n    <div class=\"custom-booking-advantages\" aria-label=\"Ventajas\">\n      <div>\n        <img decoding=\"async\" data-src=\"\/wp-content\/uploads\/2026\/03\/Desconto-3.png\" alt=\"Icono de Descuento\" src=\"data:image\/svg+xml;base64,PHN2ZyB3aWR0aD0iMSIgaGVpZ2h0PSIxIiB4bWxucz0iaHR0cDovL3d3dy53My5vcmcvMjAwMC9zdmciPjwvc3ZnPg==\" class=\"lazyload\" style=\"--smush-placeholder-width: 80px; --smush-placeholder-aspect-ratio: 80\/80;\">\n        <span>10% OFF Exclusivo<\/span>\n      <\/div>\n      <div>\n        <img decoding=\"async\" data-src=\"\/wp-content\/uploads\/2026\/03\/Welcome-Drink-2.png\" alt=\"Icono de Bienvenida\" src=\"data:image\/svg+xml;base64,PHN2ZyB3aWR0aD0iMSIgaGVpZ2h0PSIxIiB4bWxucz0iaHR0cDovL3d3dy53My5vcmcvMjAwMC9zdmciPjwvc3ZnPg==\" class=\"lazyload\" style=\"--smush-placeholder-width: 80px; --smush-placeholder-aspect-ratio: 80\/80;\">\n        <span>Bebida de Bienvenida<\/span>\n      <\/div>\n      <div>\n        <img decoding=\"async\" data-src=\"\/wp-content\/uploads\/2026\/03\/Check-out-7.png\" alt=\"Icono de Check-out\" src=\"data:image\/svg+xml;base64,PHN2ZyB3aWR0aD0iMSIgaGVpZ2h0PSIxIiB4bWxucz0iaHR0cDovL3d3dy53My5vcmcvMjAwMC9zdmciPjwvc3ZnPg==\" class=\"lazyload\" style=\"--smush-placeholder-width: 80px; --smush-placeholder-aspect-ratio: 80\/80;\">\n        <span>Check-out a las 15h, seg\u00fan disponibilidad<\/span>\n      <\/div>\n      <div>\n        <img decoding=\"async\" data-src=\"\/wp-content\/uploads\/2026\/03\/Melhor-Preco-3.png\" alt=\"Icono de Cancelaci\u00f3n\" src=\"data:image\/svg+xml;base64,PHN2ZyB3aWR0aD0iMSIgaGVpZ2h0PSIxIiB4bWxucz0iaHR0cDovL3d3dy53My5vcmcvMjAwMC9zdmciPjwvc3ZnPg==\" class=\"lazyload\" style=\"--smush-placeholder-width: 80px; --smush-placeholder-aspect-ratio: 80\/80;\">\n        <span>Cancelaci\u00f3n Gratuita<\/span>\n      <\/div>\n      <div>\n        <img decoding=\"async\" data-src=\"\/wp-content\/uploads\/2026\/03\/Cancelamento-3.png\" alt=\"Icono de Pago\" src=\"data:image\/svg+xml;base64,PHN2ZyB3aWR0aD0iMSIgaGVpZ2h0PSIxIiB4bWxucz0iaHR0cDovL3d3dy53My5vcmcvMjAwMC9zdmciPjwvc3ZnPg==\" class=\"lazyload\" style=\"--smush-placeholder-width: 80px; --smush-placeholder-aspect-ratio: 80\/80;\">\n        <span>Mejor Precio Garantizado<\/span>\n      <\/div>\n    <\/div>\n\n    <!-- CTA EN M\u00d3VIL (bot\u00f3n), FORM EN DESKTOP -->\n    <div class=\"custom-booking-main\">\n      <!-- En m\u00f3vil mostramos SOLO este bot\u00f3n -->\n      <div class=\"booking-mobile-cta\">\n        <button type=\"button\" class=\"booking-mobile-trigger button-default js-open-booking\"\n                aria-haspopup=\"dialog\" aria-controls=\"bookingSheet\">\n          Consultar        <\/button>\n      <\/div>\n\n      <!-- En desktop mostramos el formulario aqu\u00ed -->\n      <div class=\"custom-booking-form-container\" id=\"bookingFormHome\">\n        <form id=\"omnibeesBookingForm\" target=\"_blank\" onsubmit=\"return false;\">\n          <div class=\"form-field date-range-field\">\n            <img decoding=\"async\" data-src=\"\/wp-content\/uploads\/2025\/07\/Group-8-1.png\" alt=\"Calendario\" class=\"icono-calendario lazyload\" src=\"data:image\/svg+xml;base64,PHN2ZyB3aWR0aD0iMSIgaGVpZ2h0PSIxIiB4bWxucz0iaHR0cDovL3d3dy53My5vcmcvMjAwMC9zdmciPjwvc3ZnPg==\" style=\"--smush-placeholder-width: 22px; --smush-placeholder-aspect-ratio: 22\/22;\">\n            <input type=\"text\" id=\"dateRange\" placeholder=\"Check-in \u279c Check-out\" readonly>\n            <input type=\"hidden\" id=\"checkinDateFormatted\" name=\"Check-in\">\n            <input type=\"hidden\" id=\"checkoutDateFormatted\" name=\"Check-out\">\n          <\/div>\n\n          <div class=\"form-field guests-field\">\n            <img decoding=\"async\" data-src=\"\/wp-content\/uploads\/2025\/07\/Outline-1.png\" alt=\"Calendario\" class=\"icono-calendario lazyload\" src=\"data:image\/svg+xml;base64,PHN2ZyB3aWR0aD0iMSIgaGVpZ2h0PSIxIiB4bWxucz0iaHR0cDovL3d3dy53My5vcmcvMjAwMC9zdmciPjwvc3ZnPg==\" style=\"--smush-placeholder-width: 17px; --smush-placeholder-aspect-ratio: 17\/22;\">\n            <input type=\"text\" id=\"guestsSummary\" value=\"2 Personas\" readonly>\n            <input type=\"hidden\" name=\"NRooms\" id=\"numRoomsHidden\" value=\"1\">\n            <input type=\"hidden\" name=\"ad\" id=\"adultsHidden\">\n            <input type=\"hidden\" name=\"ch\" id=\"childrenHidden\">\n            <input type=\"hidden\" name=\"ag\" id=\"agesHidden\">\n\n            <div id=\"guestsDropdown\" class=\"guests-dropdown\" style=\"display:none;\">\n              <div class=\"guests-heading\">\n                <div>Apartamentos<\/div>\n                <div>Adultos<\/div>\n                <div>Ni\u00f1o<\/div>\n                <div class=\"ages-label\">Edad de los Ni\u00f1os<\/div>\n                <div><\/div>\n              <\/div>\n              <div id=\"roomSelectionContainer\"><\/div>\n              <div class=\"guests-footer\">\n                <div class=\"add-room-button\" id=\"addRoomButton\">\n                  <span>A\u00f1adir Apartamento<\/span>\n                  <i class=\"fas fa-plus\"><\/i>\n                <\/div>\n                <button type=\"button\" id=\"confirmGuests\" class=\"confirm-guests-button\">\n                  Confirmar                <\/button>\n              <\/div>\n            <\/div>\n          <\/div>\n\n          <div class=\"form-field promo-field\">\n            <input type=\"text\" id=\"promoCode\" placeholder=\"C\u00f3digos Promocionales\">\n          <\/div>\n\n          <button type=\"submit\" class=\"consultar-button button-default\">\n            Consultar          <\/button>\n        <\/form>\n      <\/div>\n      \n          <!-- Marcador para recolocar el form en desktop -->\n        <div id=\"bookingFormHomeSlot\" style=\"display:none;\"><\/div>\n\n      <!-- Enlace \u201cCancelar reserva\u201d (siempre abajo) -->\n      <div class=\"end-link\">\n        <div>\n          <a href=\"https:\/\/book.omnibees.com\/chain\/1724\/hotel\/2774?lang=es-ES\" target=\"_blank\">\n            Cancelar reserva          <\/a>\n        <\/div>\n      <\/div>\n    <\/div>\n  <\/div>\n\n\n\n\n\n\n  <noscript>\n    <p>Para reservar, ativar JavaScript ou usar o seguinte endere\u00e7o:<\/p>\n    <p><a href=\"#\" target=\"_blank\" rel=\"nofollow noopener\">Ir al motor de reservas<\/a><\/p>\n  <\/noscript>\n<\/section>\n\n<\/div>  <!-- OVERLAY A PANTALLA COMPLETA (SHEET) -->\n  <div id=\"bookingSheet\"\n       class=\"booking-sheet\"\n       role=\"dialog\"\n       aria-modal=\"true\"\n       aria-hidden=\"true\"\n       aria-label=\"Formulario de Reserva\">\n    <div class=\"booking-sheet__header\">\n      <strong class=\"booking-sheet__title\">Su reserva<\/strong>\n      <button type=\"button\" class=\"booking-sheet__close\" aria-label=\"Cerrar\">\n        &times;\n      <\/button>\n    <\/div>\n    <div id=\"bookingSheetBody\" class=\"booking-sheet__body\"><\/div>\n  <\/div><a href=\"#colophon\" class=\"scroll-down-banner\" aria-label=\"Bajar\">\n\t\t\t\t\t<svg width=\"28\" height=\"28\" viewBox=\"0 0 24 24\" fill=\"none\" aria-hidden=\"true\">\n\t\t\t\t\t\t<path d=\"M6 9l6 6 6-6\" stroke=\"currentColor\" stroke-width=\"2\" stroke-linecap=\"round\" stroke-linejoin=\"round\"\/>\n\t\t\t\t\t<\/svg>\n\t\t\t\t<\/a><\/div>[\/vc_column][\/vc_row][vc_row][vc_column][vc_column_text][\/vc_column_text][\/vc_column][\/vc_row][vc_section full_width=\u00bbstretch_row\u00bb css=\u00bb.vc_custom_1765216691211{background-color: #D4FFB4 !important;}\u00bb][vc_row][vc_column]<div class=\"ult-spacer spacer-69f2663c3d78f\" data-id=\"69f2663c3d78f\" data-height=\"50\" data-height-mobile=\"50\" data-height-tab=\"50\" data-height-tab-portrait=\"\" data-height-mobile-landscape=\"\" style=\"clear:both;display:block;\"><\/div>[\/vc_column][\/vc_row][vc_row gap=\u00bb10&#8243; equal_height=\u00bbyes\u00bb css_animation=\u00bbfadeInUp\u00bb][vc_column][vc_wp_text el_class=\u00bbtexto_kids\u00bb]<\/p>\n<h3 style=\"text-align: center;\">Conoce a todos los miembros<\/h3>\n<p>[\/vc_wp_text][\/vc_column][\/vc_row][vc_row gap=\u00bb10&#8243; equal_height=\u00bbyes\u00bb css_animation=\u00bbfadeInUp\u00bb][vc_column][vc_single_image image=\u00bb999&#8243; img_size=\u00bbfull\u00bb alignment=\u00bbcenter\u00bb css=\u00bb\u00bb][\/vc_column][\/vc_row][vc_row][vc_column]<div class=\"ult-spacer spacer-69f2663c3d7c1\" data-id=\"69f2663c3d7c1\" data-height=\"50\" data-height-mobile=\"50\" data-height-tab=\"50\" data-height-tab-portrait=\"\" data-height-mobile-landscape=\"\" style=\"clear:both;display:block;\"><\/div>[\/vc_column][\/vc_row][vc_row gap=\u00bb10&#8243; equal_height=\u00bbyes\u00bb css_animation=\u00bbfadeInUp\u00bb el_class=\u00bbfotos_kids\u00bb][vc_column width=\u00bb5\/12&#8243;][vc_single_image image=\u00bb4413&#8243; img_size=\u00bbfull\u00bb alignment=\u00bbcenter\u00bb css=\u00bb\u00bb][\/vc_column][vc_column width=\u00bb1\/4&#8243; el_class=\u00bbtext_medio\u00bb][vc_wp_text el_class=\u00bbtexto_kids\u00bb]<\/p>\n<h2>Solim<\/h2>\n<p>L\u00edder del grupo y lleno de energ\u00eda, <strong>Solim<\/strong> dirige los juegos y da la bienvenida a los peque\u00f1os aventureros. Siempre animado, fomenta la cooperaci\u00f3n, la amistad y el esp\u00edritu de equipo en todas las actividades.[\/vc_wp_text][\/vc_column][vc_column width=\u00bb1\/3&#8243; el_class=\u00bbfoto_no\u00bb][vc_single_image image=\u00bb4411&#8243; img_size=\u00bbfull\u00bb alignment=\u00bbcenter\u00bb css=\u00bb\u00bb]<div class=\"ult-spacer spacer-69f2663c3d7e6\" data-id=\"69f2663c3d7e6\" data-height=\"20\" data-height-mobile=\"20\" data-height-tab=\"20\" data-height-tab-portrait=\"\" data-height-mobile-landscape=\"\" style=\"clear:both;display:block;\"><\/div>[\/vc_column][\/vc_row][vc_row gap=\u00bb10&#8243; equal_height=\u00bbyes\u00bb css_animation=\u00bbfadeInUp\u00bb el_class=\u00bbfotos_kids\u00bb][vc_column width=\u00bb1\/3&#8243;][vc_single_image image=\u00bb4423&#8243; img_size=\u00bbfull\u00bb alignment=\u00bbcenter\u00bb css=\u00bb\u00bb][\/vc_column][vc_column width=\u00bb1\/3&#8243; el_class=\u00bbtext_medio\u00bb][vc_wp_text el_class=\u00bbtexto_kids\u00bb]<\/p>\n<h2>Poti y Potica<\/h2>\n<p>Los simp\u00e1ticos ind\u00edgenas <strong>Poti<\/strong> y <strong>Potica<\/strong> encantan a los ni\u00f1os con historias sobre la cultura ind\u00edgena local, compartiendo conocimientos sobre las tribus de la regi\u00f3n de Natal, sus costumbres, tradiciones y la profunda relaci\u00f3n que mantienen con la naturaleza. Con alegr\u00eda y sensibilidad, despiertan en los peque\u00f1os el respeto por el medio ambiente y por las ra\u00edces culturales de nuestro estado.[\/vc_wp_text][\/vc_column][vc_column width=\u00bb1\/3&#8243; el_class=\u00bbfoto_no\u00bb][vc_single_image image=\u00bb4417&#8243; img_size=\u00bb354&#215;506&#8243; alignment=\u00bbcenter\u00bb css=\u00bb\u00bb][\/vc_column][\/vc_row][vc_row gap=\u00bb10&#8243; equal_height=\u00bbyes\u00bb css_animation=\u00bbfadeInUp\u00bb el_class=\u00bbfotos_kids\u00bb][vc_column width=\u00bb5\/12&#8243;][vc_single_image image=\u00bb4443&#8243; img_size=\u00bbfull\u00bb alignment=\u00bbcenter\u00bb css=\u00bb\u00bb][\/vc_column][vc_column width=\u00bb1\/4&#8243; el_class=\u00bbtext_medio\u00bb][vc_wp_text el_class=\u00bbtexto_kids\u00bb]<\/p>\n<h2>Kukaj\u00fa<\/h2>\n<p>De manera ligera y divertida, <strong>Kukaj\u00fa<\/strong> ense\u00f1a a los ni\u00f1os c\u00f3mo la alimentaci\u00f3n saludable influye en su bienestar y en su energ\u00eda para jugar y disfrutar del d\u00eda. Convierte el tema en algo entretenido, fomentando h\u00e1bitos positivos desde temprana edad.[\/vc_wp_text][\/vc_column][vc_column width=\u00bb1\/3&#8243; el_class=\u00bbfoto_no\u00bb][vc_single_image image=\u00bb4441&#8243; img_size=\u00bbfull\u00bb alignment=\u00bbcenter\u00bb css=\u00bb\u00bb]<div class=\"ult-spacer spacer-69f2663c3d828\" data-id=\"69f2663c3d828\" data-height=\"20\" data-height-mobile=\"20\" data-height-tab=\"20\" data-height-tab-portrait=\"\" data-height-mobile-landscape=\"\" style=\"clear:both;display:block;\"><\/div>[\/vc_column][\/vc_row][vc_row gap=\u00bb10&#8243; equal_height=\u00bbyes\u00bb content_placement=\u00bbbottom\u00bb css_animation=\u00bbfadeInUp\u00bb el_class=\u00bbfotos_kids\u00bb][vc_column width=\u00bb1\/3&#8243;][vc_single_image image=\u00bb4425&#8243; img_size=\u00bbfull\u00bb alignment=\u00bbcenter\u00bb css=\u00bb\u00bb][\/vc_column][vc_column width=\u00bb1\/3&#8243; el_class=\u00bbtext_medio\u00bb][vc_wp_text el_class=\u00bbtexto_kids\u00bb]<\/p>\n<h2>Nan\u00e3<\/h2>\n<p>Travieso y divertido, <strong>Nan\u00e3<\/strong>, el tit\u00ed, habla sobre la importancia del deporte para la salud, animando a los ni\u00f1os a moverse, explorar nuevas actividades y descubrir el placer de hacer ejercicio.[\/vc_wp_text][\/vc_column][vc_column width=\u00bb1\/3&#8243; el_class=\u00bbfoto_no\u00bb][vc_single_image image=\u00bb4427&#8243; img_size=\u00bbfull\u00bb alignment=\u00bbcenter\u00bb css=\u00bb\u00bb][\/vc_column][\/vc_row][vc_row gap=\u00bb10&#8243; equal_height=\u00bbyes\u00bb css_animation=\u00bbfadeInUp\u00bb el_class=\u00bbfotos_kids\u00bb][vc_column width=\u00bb5\/12&#8243;][vc_single_image image=\u00bb5252&#8243; img_size=\u00bbfull\u00bb alignment=\u00bbcenter\u00bb css=\u00bb\u00bb][\/vc_column][vc_column width=\u00bb1\/4&#8243; el_class=\u00bbtext_medio\u00bb][vc_wp_text el_class=\u00bbtexto_kids\u00bb]<\/p>\n<h2>Pitico e Pitica<\/h2>\n<p>La simp\u00e1tica pareja de periquitos, <strong>Pitico<\/strong> y <strong>Pitica<\/strong>, aporta ligereza y alegr\u00eda a las actividades, interactuando con los ni\u00f1os en los tradicionales juegos en c\u00edrculo, estimulando el movimiento, la musicalidad y la integraci\u00f3n entre los peque\u00f1os.[\/vc_wp_text][\/vc_column][vc_column width=\u00bb1\/3&#8243; el_class=\u00bbfoto_no\u00bb][vc_single_image image=\u00bb4439&#8243; img_size=\u00bbfull\u00bb alignment=\u00bbcenter\u00bb css=\u00bb\u00bb]<div class=\"ult-spacer spacer-69f2663c3d851\" data-id=\"69f2663c3d851\" data-height=\"20\" data-height-mobile=\"20\" data-height-tab=\"20\" data-height-tab-portrait=\"\" data-height-mobile-landscape=\"\" style=\"clear:both;display:block;\"><\/div>[\/vc_column][\/vc_row][vc_row][vc_column]<div class=\"ult-spacer spacer-69f2663c3d86e\" data-id=\"69f2663c3d86e\" data-height=\"50\" data-height-mobile=\"50\" data-height-tab=\"50\" data-height-tab-portrait=\"\" data-height-mobile-landscape=\"\" style=\"clear:both;display:block;\"><\/div>[\/vc_column][\/vc_row][\/vc_section]<\/p>\n<\/div>","protected":false},"excerpt":{"rendered":"<p>[vc_row full_width=\u00bbstretch_row_content_no_spaces\u00bb el_class=\u00bbbanner-reserva\u00bb][vc_column][\/vc_column][\/vc_row][vc_row][vc_column][vc_column_text][\/vc_column_text][\/vc_column][\/vc_row][vc_section full_width=\u00bbstretch_row\u00bb css=\u00bb.vc_custom_1765216691211{background-color: #D4FFB4 !important;}\u00bb][vc_row][vc_column][\/vc_column][\/vc_row][vc_row gap=\u00bb10&#8243; equal_height=\u00bbyes\u00bb css_animation=\u00bbfadeInUp\u00bb][vc_column][vc_wp_text el_class=\u00bbtexto_kids\u00bb] Conoce a todos los miembros [\/vc_wp_text][\/vc_column][\/vc_row][vc_row gap=\u00bb10&#8243; equal_height=\u00bbyes\u00bb css_animation=\u00bbfadeInUp\u00bb][vc_column][vc_single_image image=\u00bb999&#8243; img_size=\u00bbfull\u00bb alignment=\u00bbcenter\u00bb css=\u00bb\u00bb][\/vc_column][\/vc_row][vc_row][vc_column][\/vc_column][\/vc_row][vc_row gap=\u00bb10&#8243; equal_height=\u00bbyes\u00bb css_animation=\u00bbfadeInUp\u00bb el_class=\u00bbfotos_kids\u00bb][vc_column width=\u00bb5\/12&#8243;][vc_single_image image=\u00bb4413&#8243; img_size=\u00bbfull\u00bb alignment=\u00bbcenter\u00bb css=\u00bb\u00bb][\/vc_column][vc_column width=\u00bb1\/4&#8243; el_class=\u00bbtext_medio\u00bb][vc_wp_text el_class=\u00bbtexto_kids\u00bb] Solim L\u00edder del grupo y lleno de energ\u00eda, Solim dirige los juegos y da la bienvenida a los peque\u00f1os [&hellip;]<\/p>\n","protected":false},"author":7,"featured_media":1724,"parent":0,"menu_order":0,"comment_status":"closed","ping_status":"closed","template":"","meta":{"_acf_changed":false,"footnotes":""},"class_list":["post-5503","page","type-page","status-publish","has-post-thumbnail","hentry"],"acf":[],"_links":{"self":[{"href":"https:\/\/serhsnatalgrandhotel.com\/es\/wp-json\/wp\/v2\/pages\/5503","targetHints":{"allow":["GET"]}}],"collection":[{"href":"https:\/\/serhsnatalgrandhotel.com\/es\/wp-json\/wp\/v2\/pages"}],"about":[{"href":"https:\/\/serhsnatalgrandhotel.com\/es\/wp-json\/wp\/v2\/types\/page"}],"author":[{"embeddable":true,"href":"https:\/\/serhsnatalgrandhotel.com\/es\/wp-json\/wp\/v2\/users\/7"}],"replies":[{"embeddable":true,"href":"https:\/\/serhsnatalgrandhotel.com\/es\/wp-json\/wp\/v2\/comments?post=5503"}],"version-history":[{"count":3,"href":"https:\/\/serhsnatalgrandhotel.com\/es\/wp-json\/wp\/v2\/pages\/5503\/revisions"}],"predecessor-version":[{"id":5768,"href":"https:\/\/serhsnatalgrandhotel.com\/es\/wp-json\/wp\/v2\/pages\/5503\/revisions\/5768"}],"wp:featuredmedia":[{"embeddable":true,"href":"https:\/\/serhsnatalgrandhotel.com\/es\/wp-json\/wp\/v2\/media\/1724"}],"wp:attachment":[{"href":"https:\/\/serhsnatalgrandhotel.com\/es\/wp-json\/wp\/v2\/media?parent=5503"}],"curies":[{"name":"wp","href":"https:\/\/api.w.org\/{rel}","templated":true}]}}