{"id":5738,"date":"2025-04-15T12:54:38","date_gmt":"2025-04-15T15:54:38","guid":{"rendered":"https:\/\/serhsnatalgrandhotel.com\/?page_id=5738"},"modified":"2026-02-11T09:31:29","modified_gmt":"2026-02-11T12:31:29","slug":"legal-notice","status":"publish","type":"page","link":"https:\/\/serhsnatalgrandhotel.com\/en\/legal-notice\/","title":{"rendered":"Legal Notice"},"content":{"rendered":"<div class=\"wpb-content-wrapper\"><p>[vc_row disable_element=&#8221;yes&#8221;][vc_column][vc_column_text]<\/p>\r\n\r\n<h1 class=\"wp-block-heading\">NOTA LEGAL<\/h1>\r\n<p>&nbsp;<\/p>\r\n<h2 class=\"wp-block-heading\">NOTA LEGAL &#8211; Serhs Brasil Empreendimientos Tur\u00edsticos LTDA<\/h2>\r\n<p>\u00a0<\/p>\r\n<p>\u00a0<\/p>\r\n\r\n<p>CNPJ: 09.374.554\/0001-23<\/p>\r\n<article class=\"text-token-text-primary w-full focus:outline-none [--shadow-height:45px] has-data-writing-block:pointer-events-none has-data-writing-block:-mt-(--shadow-height) has-data-writing-block:pt-(--shadow-height) [&amp;:has([data-writing-block])&gt;*]:pointer-events-auto [content-visibility:auto] supports-[content-visibility:auto]:[contain-intrinsic-size:auto_100lvh] scroll-mt-[calc(var(--header-height)+min(200px,max(70px,20svh)))]\" dir=\"auto\" tabindex=\"-1\" data-turn-id=\"887d40e8-7281-443c-a999-12a522038668\" data-testid=\"conversation-turn-2\" data-scroll-anchor=\"true\" data-turn=\"assistant\">\r\n<div class=\"text-base my-auto mx-auto pb-10 [--thread-content-margin:--spacing(4)] thread-sm:[--thread-content-margin:--spacing(6)] thread-lg:[--thread-content-margin:--spacing(16)] px-(--thread-content-margin)\">\r\n<div class=\"[--thread-content-max-width:40rem] thread-lg:[--thread-content-max-width:48rem] mx-auto max-w-(--thread-content-max-width) flex-1 group\/turn-messages focus-visible:outline-hidden relative flex w-full min-w-0 flex-col agent-turn\" tabindex=\"-1\">\r\n<div class=\"flex max-w-full flex-col grow\">\r\n<div class=\"min-h-8 text-message relative flex w-full flex-col items-end gap-2 text-start break-words whitespace-normal [.text-message+&amp;]:mt-1\" dir=\"auto\" data-message-author-role=\"assistant\" data-message-id=\"b969a9f9-fc5d-4d63-b83c-071b0f7cf0c5\" data-message-model-slug=\"gpt-5\">\r\n<div class=\"flex w-full flex-col gap-1 empty:hidden first:pt-[1px]\">\r\n<div class=\"markdown prose dark:prose-invert w-full break-words light markdown-new-styling\">\r\n<p data-start=\"0\" data-end=\"152\"><strong data-start=\"27\" data-end=\"43\">Sede social:<\/strong> Av. Senador Dinarte Medeiros Mariz, 6045 &#8211; Via Costeira &#8211; 59090-002 &#8211; Natal &#8211; Rio Grande do Norte &#8211; Brasil<\/p>\r\n<\/div>\r\n<div class=\"markdown prose dark:prose-invert w-full break-words light markdown-new-styling\">\r\n<p data-start=\"154\" data-end=\"456\"><strong data-start=\"154\" data-end=\"202\">SERHS BRASIL EMPREENDIMENTOS TURISTICOS LTDA<\/strong> informa que os dados pessoais coletados neste site ser\u00e3o tratados em conformidade com os requisitos estabelecidos na Lei Org\u00e2nica 15\/1999, de 13 de dezembro, de Prote\u00e7\u00e3o de Dados de Car\u00e1ter Pessoal, em respeito absoluto aos direitos de seus titulares.<\/p>\r\n<p data-start=\"458\" data-end=\"814\">Com o prop\u00f3sito de gerenciar os servi\u00e7os solicitados pelos titulares das reservas e participar, se necess\u00e1rio, de seus pedidos de informa\u00e7\u00f5es, os dados coletados atrav\u00e9s desses formul\u00e1rios ser\u00e3o incorporados nos arquivos do <strong data-start=\"682\" data-end=\"700\">&#8220;SERHS HOTELS&#8221;<\/strong> e ser\u00e3o tratados em todos os momentos de acordo com os regulamentos de prote\u00e7\u00e3o de dados anteriormente citados.<\/p>\r\n<p data-start=\"816\" data-end=\"1143\">Em nenhum caso dever\u00e3o ser cedidos a terceiros sem o consentimento pr\u00e9vio do interessado, exceto nos casos previstos na lei. Com o preenchimento dos formul\u00e1rios da <strong data-start=\"980\" data-end=\"1028\">SERHS BRASIL EMPREENDIMENTOS TURISTICOS LTDA<\/strong>, entendemos que temos o consentimento do remetente para lhe enviar informa\u00e7\u00f5es comerciais sobre nossos servi\u00e7os.<\/p>\r\n<p data-start=\"1145\" data-end=\"1342\">A <strong data-start=\"1147\" data-end=\"1195\">SERHS BRASIL EMPREENDIMENTOS TURISTICOS LTDA<\/strong> informa que, para exercer o direito de acesso, modifica\u00e7\u00e3o e\/ou cancelamento de informa\u00e7\u00f5es pessoais, os propriet\u00e1rios dos dados podem contatar:<\/p>\r\n<p data-start=\"1344\" data-end=\"1538\"><strong data-start=\"1344\" data-end=\"1392\">SERHS BRASIL EMPREENDIMENTOS TURISTICOS LTDA<\/strong><br data-start=\"1392\" data-end=\"1395\" \/>Av. Senador Dinarte Medeiros Mariz, 6045 &#8211; Via Costeira &#8211; 59090-002 &#8211; Natal &#8211; Rio Grande do Norte &#8211; Brasil<br data-start=\"1501\" data-end=\"1504\" \/>E-mail: <strong data-start=\"1512\" data-end=\"1536\"><a class=\"decorated-link cursor-pointer\" rel=\"noopener\" data-start=\"1514\" data-end=\"1534\">info@serhshotels.com<\/a><\/strong><\/p>\r\n<p data-start=\"1540\" data-end=\"1876\">A data da \u00faltima atualiza\u00e7\u00e3o do site dever\u00e1 ser considerada como informa\u00e7\u00e3o introdut\u00f3ria para o usu\u00e1rio, para servi\u00e7os e outras informa\u00e7\u00f5es que incorporam suas p\u00e1ginas. O usu\u00e1rio pode confirmar a data de atualiza\u00e7\u00e3o de qualquer informa\u00e7\u00e3o, se solicitado, enviando um e-mail clicando no link <strong data-start=\"1831\" data-end=\"1844\">\u201cContato\u201d<\/strong> inclu\u00eddo na p\u00e1gina principal.<\/p>\r\n<p data-start=\"1878\" data-end=\"2098\">A <strong data-start=\"1880\" data-end=\"1928\">SERHS BRASIL EMPREENDIMENTOS TURISTICOS LTDA<\/strong> pode modificar a qualquer momento os termos deste Aviso Legal, publicando neste site a vers\u00e3o atualizada, sem a necessidade de qualquer outra notifica\u00e7\u00e3o aos usu\u00e1rios.<\/p>\r\n<p data-start=\"2100\" data-end=\"2476\" data-is-last-node=\"\" data-is-only-node=\"\">Todas as informa\u00e7\u00f5es ou a forma de compila\u00e7\u00e3o das informa\u00e7\u00f5es contidas no dom\u00ednio deste site, como a coleta de informa\u00e7\u00f5es, design gr\u00e1fico, imagens, c\u00f3digo-fonte, m\u00e1scaras, nomes comerciais, denomina\u00e7\u00f5es, entre outros sinais distintivos, estar\u00e3o sujeitos aos direitos de propriedade intelectual e industrial da <strong data-start=\"2411\" data-end=\"2459\">SERHS BRASIL EMPREENDIMENTOS TURISTICOS LTDA<\/strong> ou de terceiros.<\/p>\r\n<\/div>\r\n<p data-start=\"2100\" data-end=\"2476\" data-is-last-node=\"\" data-is-only-node=\"\">\u00a0<\/p>\r\n<\/div>\r\n<\/div>\r\n<\/div>\r\n<\/div>\r\n<\/div>\r\n<\/article>\r\n<p>[\/vc_column_text][\/vc_column][\/vc_row][vc_section][vc_row][vc_column]<div class=\"ult-spacer spacer-69e59d620f82a\" data-id=\"69e59d620f82a\" data-height=\"75\" data-height-mobile=\"75\" data-height-tab=\"75\" data-height-tab-portrait=\"\" data-height-mobile-landscape=\"\" style=\"clear:both;display:block;\"><\/div>[\/vc_column][\/vc_row][vc_row][vc_column width=&#8221;1\/6&#8243;][\/vc_column][vc_column width=&#8221;2\/3&#8243;]<div class=\"ult-spacer spacer-69e59d620f8b4\" data-id=\"69e59d620f8b4\" data-height=\"75\" data-height-mobile=\"75\" data-height-tab=\"75\" data-height-tab-portrait=\"\" data-height-mobile-landscape=\"\" style=\"clear:both;display:block;\"><\/div>[vc_wp_text el_class=&#8221;title-title&#8221;]LEGAL NOTICE[\/vc_wp_text]<div class=\"ult-spacer spacer-69e59d620f8e0\" data-id=\"69e59d620f8e0\" data-height=\"15\" data-height-mobile=\"15\" data-height-tab=\"15\" data-height-tab-portrait=\"\" data-height-mobile-landscape=\"\" style=\"clear:both;display:block;\"><\/div>[vc_wp_text]<\/p>\r\n<p><strong>SERHS BRASIL EMPREENDIMENTOS TURISTICOS LTDA<\/strong><\/p>\r\n<p><strong>CNPJ: 09374554000123<\/strong><\/p>\r\n<p>[\/vc_wp_text][vc_wp_text]<\/p>\r\n<p>Registered Office: Av. Senador Dinarte Medeiros Mariz, 6045 \u2013 Via Costeira \u2013 59090-002 \u2013 Natal \u2013 Rio Grande do Norte \u2013 Brazil<\/p>\r\n<p>SERHS BRASIL EMPREENDIMENTOS TUR\u00cdSTICOS LTDA informs that the personal data collected on this website will be processed in accordance with the requirements established in Organic Law 15\/1999, of December 13, on the Protection of Personal Data, with full respect for the rights of the data subjects.<\/p>\r\n<p>&nbsp;<\/p>\r\n<p>For the purpose of managing the services requested by reservation holders and, where applicable, responding to their information requests, the data collected through these forms will be incorporated into the files of \u201cSERHS HOTELS\u201d and will be processed at all times in accordance with the aforementioned data protection regulations. \u00a0<\/p>\r\n<p>&nbsp;<\/p>\r\n<p>Under no circumstances shall such data be transferred to third parties without the prior consent of the interested party, except in cases provided for by law. By completing the SERHS BRASIL EMPREENDIMENTOS TUR\u00cdSTICOS LTDA forms, we understand that we have the sender\u2019s consent to send commercial information about our services. \u00a0<\/p>\r\n<p>&nbsp;<\/p>\r\n<p><strong>SERHS BRASIL EMPREENDIMENTOS TUR\u00cdSTICOS LTDA<\/strong> informs that, in order to exercise the rights of access, modification and\/or cancellation of personal information, data subjects may contact: \u00a0<\/p>\r\n<p>&nbsp;<\/p>\r\n<p><strong>SERHS BRASIL EMPREENDIMENTOS TUR\u00cdSTICOS LTDA<\/strong> \u2013 Av. Senador Dinarte Medeiros Mariz, 6045 \u2013 Via Costeira \u2013 59090-002 \u2013 Natal \u2013 Rio Grande do Norte \u2013 Brazil, or info@serhshotels.com. The date of the last update of the website shall be considered as introductory information for the user regarding services and other information included on its pages. Users may confirm the update date of any information, if requested, by sending an email via the \u201cContact\u201d link included on the homepage. \u00a0<\/p>\r\n<p>&nbsp;<\/p>\r\n<p><strong>SERHS BRASIL EMPREENDIMENTOS TURISTICOS LTDA<\/strong> may modify the terms of this Legal Notice at any time by publishing the updated version on this website, without the need for any additional notice to users. \u00a0<\/p>\r\n<p>&nbsp;<\/p>\r\n<p>All information or the manner in which information is compiled within this website domain, including data collection, graphic design, images, source code, layouts, trade names, corporate names, and other distinctive signs, are subject to the intellectual and industrial property rights of SERHS BRASIL EMPREENDIMENTOS TUR\u00cdSTICOS LTDA or third parties.<\/p>\r\n<p>[\/vc_wp_text]<div class=\"ult-spacer spacer-69e59d620f904\" data-id=\"69e59d620f904\" data-height=\"25\" data-height-mobile=\"25\" data-height-tab=\"25\" data-height-tab-portrait=\"\" data-height-mobile-landscape=\"\" style=\"clear:both;display:block;\"><\/div>[\/vc_column][vc_column width=&#8221;1\/6&#8243;][\/vc_column][\/vc_row][\/vc_section][vc_section][vc_row][vc_column]<div class=\"ult-spacer spacer-69e59d620f925\" data-id=\"69e59d620f925\" data-height=\"75\" data-height-mobile=\"75\" data-height-tab=\"75\" data-height-tab-portrait=\"\" data-height-mobile-landscape=\"\" style=\"clear:both;display:block;\"><\/div>[\/vc_column][\/vc_row][\/vc_section]<\/p><\/div>","protected":false},"excerpt":{"rendered":"<p>[vc_row disable_element=&#8221;yes&#8221;][vc_column][vc_column_text] NOTA LEGAL &nbsp; NOTA LEGAL &#8211; Serhs Brasil Empreendimientos Tur\u00edsticos LTDA \u00a0 \u00a0 CNPJ: 09.374.554\/0001-23 Sede social: Av. Senador Dinarte Medeiros Mariz, 6045 &#8211; Via Costeira &#8211; 59090-002 &#8211; Natal &#8211; Rio Grande do Norte &#8211; Brasil SERHS BRASIL EMPREENDIMENTOS TURISTICOS LTDA informa que os dados pessoais coletados neste site ser\u00e3o tratados em [&hellip;]<\/p>\n","protected":false},"author":7,"featured_media":0,"parent":0,"menu_order":0,"comment_status":"closed","ping_status":"open","template":"","meta":{"_acf_changed":false,"footnotes":""},"class_list":["post-5738","page","type-page","status-publish","hentry"],"acf":[],"_links":{"self":[{"href":"https:\/\/serhsnatalgrandhotel.com\/en\/wp-json\/wp\/v2\/pages\/5738","targetHints":{"allow":["GET"]}}],"collection":[{"href":"https:\/\/serhsnatalgrandhotel.com\/en\/wp-json\/wp\/v2\/pages"}],"about":[{"href":"https:\/\/serhsnatalgrandhotel.com\/en\/wp-json\/wp\/v2\/types\/page"}],"author":[{"embeddable":true,"href":"https:\/\/serhsnatalgrandhotel.com\/en\/wp-json\/wp\/v2\/users\/7"}],"replies":[{"embeddable":true,"href":"https:\/\/serhsnatalgrandhotel.com\/en\/wp-json\/wp\/v2\/comments?post=5738"}],"version-history":[{"count":3,"href":"https:\/\/serhsnatalgrandhotel.com\/en\/wp-json\/wp\/v2\/pages\/5738\/revisions"}],"predecessor-version":[{"id":5741,"href":"https:\/\/serhsnatalgrandhotel.com\/en\/wp-json\/wp\/v2\/pages\/5738\/revisions\/5741"}],"wp:attachment":[{"href":"https:\/\/serhsnatalgrandhotel.com\/en\/wp-json\/wp\/v2\/media?parent=5738"}],"curies":[{"name":"wp","href":"https:\/\/api.w.org\/{rel}","templated":true}]}}