{"id":6355,"date":"2025-09-02T09:04:23","date_gmt":"2025-09-02T12:04:23","guid":{"rendered":"https:\/\/serhsnatalgrandhotel.com\/?page_id=6355"},"modified":"2026-02-26T12:37:42","modified_gmt":"2026-02-26T15:37:42","slug":"kids-club","status":"publish","type":"page","link":"https:\/\/serhsnatalgrandhotel.com\/ca\/kids-club\/","title":{"rendered":"Kids&#8217; Club"},"content":{"rendered":"<div class=\"wpb-content-wrapper\"><p>[vc_row full_width=&#8221;stretch_row_content_no_spaces&#8221; el_class=&#8221;banner-reserva&#8221;][vc_column]<div class='cabecera lazyload' style='background-image:inherit;' data-bg-image='url(https:\/\/serhsnatalgrandhotel.com\/wp-content\/uploads\/2025\/10\/SN-10-Custom-1.jpg)'><div class='cabecera-container'><p class='title-little' style='text-align:center;'>Jugar, crear i explorar<\/p><p class='title-display-big' style='text-align:center;'>Kids&#039; Club<\/p><\/div><div class='sticky-booking'><section id=\"bookingWidget\" class=\"custom-booking-banner-wrapper\">\n\n  <!-- CONTENEDOR DEL BLOQUE EN HOME -->\n  <div class=\"custom-booking-banner\">\n\n    <!-- FILA DE VENTAJAS (arriba siempre) -->\n    <div class=\"custom-booking-advantages\" aria-label=\"Ventajas\">\n      <div>\n        <img decoding=\"async\" data-src=\"\/wp-content\/uploads\/2026\/03\/Desconto-3.png\" alt=\"Icono de Descuento\" src=\"data:image\/svg+xml;base64,PHN2ZyB3aWR0aD0iMSIgaGVpZ2h0PSIxIiB4bWxucz0iaHR0cDovL3d3dy53My5vcmcvMjAwMC9zdmciPjwvc3ZnPg==\" class=\"lazyload\" style=\"--smush-placeholder-width: 80px; --smush-placeholder-aspect-ratio: 80\/80;\">\n        <span>10% OFF Exclusiu<\/span>\n      <\/div>\n      <div>\n        <img decoding=\"async\" data-src=\"\/wp-content\/uploads\/2026\/03\/Welcome-Drink-2.png\" alt=\"Icono de Bienvenida\" src=\"data:image\/svg+xml;base64,PHN2ZyB3aWR0aD0iMSIgaGVpZ2h0PSIxIiB4bWxucz0iaHR0cDovL3d3dy53My5vcmcvMjAwMC9zdmciPjwvc3ZnPg==\" class=\"lazyload\" style=\"--smush-placeholder-width: 80px; --smush-placeholder-aspect-ratio: 80\/80;\">\n        <span>Beguda de Benvinguda<\/span>\n      <\/div>\n      <div>\n        <img decoding=\"async\" data-src=\"\/wp-content\/uploads\/2026\/03\/Check-out-7.png\" alt=\"Icono de Check-out\" src=\"data:image\/svg+xml;base64,PHN2ZyB3aWR0aD0iMSIgaGVpZ2h0PSIxIiB4bWxucz0iaHR0cDovL3d3dy53My5vcmcvMjAwMC9zdmciPjwvc3ZnPg==\" class=\"lazyload\" style=\"--smush-placeholder-width: 80px; --smush-placeholder-aspect-ratio: 80\/80;\">\n        <span>Check-out a les 15h, segons disponibilitat<\/span>\n      <\/div>\n      <div>\n        <img decoding=\"async\" data-src=\"\/wp-content\/uploads\/2026\/03\/Melhor-Preco-3.png\" alt=\"Icono de Cancelaci\u00f3n\" src=\"data:image\/svg+xml;base64,PHN2ZyB3aWR0aD0iMSIgaGVpZ2h0PSIxIiB4bWxucz0iaHR0cDovL3d3dy53My5vcmcvMjAwMC9zdmciPjwvc3ZnPg==\" class=\"lazyload\" style=\"--smush-placeholder-width: 80px; --smush-placeholder-aspect-ratio: 80\/80;\">\n        <span>Cancel\u00b7laci\u00f3 Gratu\u00ef<\/span>\n      <\/div>\n      <div>\n        <img decoding=\"async\" data-src=\"\/wp-content\/uploads\/2026\/03\/Cancelamento-3.png\" alt=\"Icono de Pago\" src=\"data:image\/svg+xml;base64,PHN2ZyB3aWR0aD0iMSIgaGVpZ2h0PSIxIiB4bWxucz0iaHR0cDovL3d3dy53My5vcmcvMjAwMC9zdmciPjwvc3ZnPg==\" class=\"lazyload\" style=\"--smush-placeholder-width: 80px; --smush-placeholder-aspect-ratio: 80\/80;\">\n        <span>Millor Preu Garantit<\/span>\n      <\/div>\n    <\/div>\n\n    <!-- CTA EN M\u00d3VIL (bot\u00f3n), FORM EN DESKTOP -->\n    <div class=\"custom-booking-main\">\n      <!-- En m\u00f3vil mostramos SOLO este bot\u00f3n -->\n      <div class=\"booking-mobile-cta\">\n        <button type=\"button\" class=\"booking-mobile-trigger button-default js-open-booking\"\n                aria-haspopup=\"dialog\" aria-controls=\"bookingSheet\">\n          Consultar        <\/button>\n      <\/div>\n\n      <!-- En desktop mostramos el formulario aqu\u00ed -->\n      <div class=\"custom-booking-form-container\" id=\"bookingFormHome\">\n        <form id=\"omnibeesBookingForm\" target=\"_blank\" onsubmit=\"return false;\">\n          <div class=\"form-field date-range-field\">\n            <img decoding=\"async\" data-src=\"\/wp-content\/uploads\/2025\/07\/Group-8-1.png\" alt=\"Calendari\" class=\"icono-calendario lazyload\" src=\"data:image\/svg+xml;base64,PHN2ZyB3aWR0aD0iMSIgaGVpZ2h0PSIxIiB4bWxucz0iaHR0cDovL3d3dy53My5vcmcvMjAwMC9zdmciPjwvc3ZnPg==\" style=\"--smush-placeholder-width: 22px; --smush-placeholder-aspect-ratio: 22\/22;\">\n            <input type=\"text\" id=\"dateRange\" placeholder=\"Check-in \u279c Check-out\" readonly>\n            <input type=\"hidden\" id=\"checkinDateFormatted\" name=\"Check-in\">\n            <input type=\"hidden\" id=\"checkoutDateFormatted\" name=\"Check-out\">\n          <\/div>\n\n          <div class=\"form-field guests-field\">\n            <img decoding=\"async\" data-src=\"\/wp-content\/uploads\/2025\/07\/Outline-1.png\" alt=\"Calendari\" class=\"icono-calendario lazyload\" src=\"data:image\/svg+xml;base64,PHN2ZyB3aWR0aD0iMSIgaGVpZ2h0PSIxIiB4bWxucz0iaHR0cDovL3d3dy53My5vcmcvMjAwMC9zdmciPjwvc3ZnPg==\" style=\"--smush-placeholder-width: 17px; --smush-placeholder-aspect-ratio: 17\/22;\">\n            <input type=\"text\" id=\"guestsSummary\" value=\"2 Persones\" readonly>\n            <input type=\"hidden\" name=\"NRooms\" id=\"numRoomsHidden\" value=\"1\">\n            <input type=\"hidden\" name=\"ad\" id=\"adultsHidden\">\n            <input type=\"hidden\" name=\"ch\" id=\"childrenHidden\">\n            <input type=\"hidden\" name=\"ag\" id=\"agesHidden\">\n\n            <div id=\"guestsDropdown\" class=\"guests-dropdown\" style=\"display:none;\">\n              <div class=\"guests-heading\">\n                <div>Apartaments<\/div>\n                <div>Adults<\/div>\n                <div>Nen<\/div>\n                <div class=\"ages-label\">Edat dels Nens<\/div>\n                <div><\/div>\n              <\/div>\n              <div id=\"roomSelectionContainer\"><\/div>\n              <div class=\"guests-footer\">\n                <div class=\"add-room-button\" id=\"addRoomButton\">\n                  <span>Afegir Apartament<\/span>\n                  <i class=\"fas fa-plus\"><\/i>\n                <\/div>\n                <button type=\"button\" id=\"confirmGuests\" class=\"confirm-guests-button\">\n                  Confirmar                <\/button>\n              <\/div>\n            <\/div>\n          <\/div>\n\n          <div class=\"form-field promo-field\">\n            <input type=\"text\" id=\"promoCode\" placeholder=\"Codis Promocionals\">\n          <\/div>\n\n          <button type=\"submit\" class=\"consultar-button button-default\">\n            Consultar          <\/button>\n        <\/form>\n      <\/div>\n      \n          <!-- Marcador para recolocar el form en desktop -->\n        <div id=\"bookingFormHomeSlot\" style=\"display:none;\"><\/div>\n\n      <!-- Enlace \u201cCancelar reserva\u201d (siempre abajo) -->\n      <div class=\"end-link\">\n        <div>\n          <a href=\"https:\/\/book.omnibees.com\/chain\/1724\/hotel\/2774?lang=ca-ES\" target=\"_blank\">\n            Cancel\u00b7lar reserva          <\/a>\n        <\/div>\n      <\/div>\n    <\/div>\n  <\/div>\n\n\n\n\n\n\n  <noscript>\n    <p>Para reservar, ativar JavaScript ou usar o seguinte endere\u00e7o:<\/p>\n    <p><a href=\"#\" target=\"_blank\" rel=\"nofollow noopener\">Anar al motor de reserves<\/a><\/p>\n  <\/noscript>\n<\/section>\n\n<\/div>  <!-- OVERLAY A PANTALLA COMPLETA (SHEET) -->\n  <div id=\"bookingSheet\"\n       class=\"booking-sheet\"\n       role=\"dialog\"\n       aria-modal=\"true\"\n       aria-hidden=\"true\"\n       aria-label=\"Formulari de Reserva\">\n    <div class=\"booking-sheet__header\">\n      <strong class=\"booking-sheet__title\">La vostra reserva<\/strong>\n      <button type=\"button\" class=\"booking-sheet__close\" aria-label=\"Tancar\">\n        &times;\n      <\/button>\n    <\/div>\n    <div id=\"bookingSheetBody\" class=\"booking-sheet__body\"><\/div>\n  <\/div><a href=\"#colophon\" class=\"scroll-down-banner\" aria-label=\"Bajar\">\n\t\t\t\t\t<svg width=\"28\" height=\"28\" viewBox=\"0 0 24 24\" fill=\"none\" aria-hidden=\"true\">\n\t\t\t\t\t\t<path d=\"M6 9l6 6 6-6\" stroke=\"currentColor\" stroke-width=\"2\" stroke-linecap=\"round\" stroke-linejoin=\"round\"\/>\n\t\t\t\t\t<\/svg>\n\t\t\t\t<\/a><\/div>[\/vc_column][\/vc_row][vc_row][vc_column][vc_column_text][\/vc_column_text][\/vc_column][\/vc_row][vc_section full_width=&#8221;stretch_row&#8221; css=&#8221;.vc_custom_1765216691211{background-color: #D4FFB4 !important;}&#8221;][vc_row][vc_column]<div class=\"ult-spacer spacer-69e5c75b2d85b\" data-id=\"69e5c75b2d85b\" data-height=\"50\" data-height-mobile=\"50\" data-height-tab=\"50\" data-height-tab-portrait=\"\" data-height-mobile-landscape=\"\" style=\"clear:both;display:block;\"><\/div>[\/vc_column][\/vc_row][vc_row gap=&#8221;10&#8243; equal_height=&#8221;yes&#8221; css_animation=&#8221;fadeInUp&#8221;][vc_column][vc_wp_text el_class=&#8221;texto_kids&#8221;]<\/p>\n<h3 style=\"text-align: center;\">Coneix tots els membres de la<\/h3>\n<p>[\/vc_wp_text][\/vc_column][\/vc_row][vc_row gap=&#8221;10&#8243; equal_height=&#8221;yes&#8221; css_animation=&#8221;fadeInUp&#8221;][vc_column][vc_single_image image=&#8221;999&#8243; img_size=&#8221;full&#8221; alignment=&#8221;center&#8221; css=&#8221;&#8221;][\/vc_column][\/vc_row][vc_row][vc_column]<div class=\"ult-spacer spacer-69e5c75b2d88b\" data-id=\"69e5c75b2d88b\" data-height=\"50\" data-height-mobile=\"50\" data-height-tab=\"50\" data-height-tab-portrait=\"\" data-height-mobile-landscape=\"\" style=\"clear:both;display:block;\"><\/div>[\/vc_column][\/vc_row][vc_row gap=&#8221;10&#8243; equal_height=&#8221;yes&#8221; css_animation=&#8221;fadeInUp&#8221; el_class=&#8221;fotos_kids&#8221;][vc_column width=&#8221;5\/12&#8243;][vc_single_image image=&#8221;4413&#8243; img_size=&#8221;full&#8221; alignment=&#8221;center&#8221; css=&#8221;&#8221;][\/vc_column][vc_column width=&#8221;1\/4&#8243; el_class=&#8221;text_medio&#8221;][vc_wp_text el_class=&#8221;texto_kids&#8221;]<\/p>\n<h2>Solim<\/h2>\n<p>L\u00edder de la classe i ple d\u2019energia, en <strong>Solim<\/strong> \u00e9s qui condueix els jocs i d\u00f3na la benvinguda als petits aventurers. Sempre animat, fomenta la cooperaci\u00f3, l\u2019amistat i l\u2019esperit d\u2019equip durant totes les activitats.[\/vc_wp_text][\/vc_column][vc_column width=&#8221;1\/3&#8243; el_class=&#8221;foto_no&#8221;][vc_single_image image=&#8221;4411&#8243; img_size=&#8221;full&#8221; alignment=&#8221;center&#8221; css=&#8221;&#8221;]<div class=\"ult-spacer spacer-69e5c75b2d8b1\" data-id=\"69e5c75b2d8b1\" data-height=\"20\" data-height-mobile=\"20\" data-height-tab=\"20\" data-height-tab-portrait=\"\" data-height-mobile-landscape=\"\" style=\"clear:both;display:block;\"><\/div>[\/vc_column][\/vc_row][vc_row gap=&#8221;10&#8243; equal_height=&#8221;yes&#8221; css_animation=&#8221;fadeInUp&#8221; el_class=&#8221;fotos_kids&#8221;][vc_column width=&#8221;1\/3&#8243;][vc_single_image image=&#8221;4423&#8243; img_size=&#8221;full&#8221; alignment=&#8221;center&#8221; css=&#8221;&#8221;][\/vc_column][vc_column width=&#8221;1\/3&#8243; el_class=&#8221;text_medio&#8221;][vc_wp_text el_class=&#8221;texto_kids&#8221;]<\/p>\n<h2>Poti e Potica<\/h2>\n<p>Els simp\u00e0tics indis <strong>Poti<\/strong> i <strong>Potica<\/strong> encanten els infants amb hist\u00f2ries sobre la cultura ind\u00edgena local, compartint coneixements sobre les tribus de la regi\u00f3 de Natal, els seus costums, tradicions i la relaci\u00f3 profunda que mantenen amb la natura. Amb alegria i sensibilitat, desperten en els m\u00e9s petits el respecte pel medi ambient i per les arrels culturals del nostre estat.[\/vc_wp_text][\/vc_column][vc_column width=&#8221;1\/3&#8243; el_class=&#8221;foto_no&#8221;][vc_single_image image=&#8221;4417&#8243; img_size=&#8221;354&#215;506&#8243; alignment=&#8221;center&#8221; css=&#8221;&#8221;][\/vc_column][\/vc_row][vc_row gap=&#8221;10&#8243; equal_height=&#8221;yes&#8221; css_animation=&#8221;fadeInUp&#8221; el_class=&#8221;fotos_kids&#8221;][vc_column width=&#8221;5\/12&#8243;][vc_single_image image=&#8221;4443&#8243; img_size=&#8221;full&#8221; alignment=&#8221;center&#8221; css=&#8221;&#8221;][\/vc_column][vc_column width=&#8221;1\/4&#8243; el_class=&#8221;text_medio&#8221;][vc_wp_text el_class=&#8221;texto_kids&#8221;]<\/p>\n<h2>Kukaj\u00fa<\/h2>\n<p>D\u2019una manera lleugera i amb molt d\u2019humor, en <strong>Kukaj\u00fa<\/strong> ensenya als infants com l\u2019alimentaci\u00f3 saludable influeix en el benestar i en la disposici\u00f3 per jugar i gaudir del dia. Converteix el tema en alguna cosa divertida, estimulant h\u00e0bits positius des de ben petits.[\/vc_wp_text][\/vc_column][vc_column width=&#8221;1\/3&#8243; el_class=&#8221;foto_no&#8221;][vc_single_image image=&#8221;4441&#8243; img_size=&#8221;full&#8221; alignment=&#8221;center&#8221; css=&#8221;&#8221;]<div class=\"ult-spacer spacer-69e5c75b2d8d3\" data-id=\"69e5c75b2d8d3\" data-height=\"20\" data-height-mobile=\"20\" data-height-tab=\"20\" data-height-tab-portrait=\"\" data-height-mobile-landscape=\"\" style=\"clear:both;display:block;\"><\/div>[\/vc_column][\/vc_row][vc_row gap=&#8221;10&#8243; equal_height=&#8221;yes&#8221; content_placement=&#8221;bottom&#8221; css_animation=&#8221;fadeInUp&#8221; el_class=&#8221;fotos_kids&#8221;][vc_column width=&#8221;1\/3&#8243;][vc_single_image image=&#8221;4425&#8243; img_size=&#8221;full&#8221; alignment=&#8221;center&#8221; css=&#8221;&#8221;][\/vc_column][vc_column width=&#8221;1\/3&#8243; el_class=&#8221;text_medio&#8221;][vc_wp_text el_class=&#8221;texto_kids&#8221;]<\/p>\n<h2>Nan\u00e3<\/h2>\n<p>Travessa i divertida, la <strong>Nan\u00e3<\/strong>, el mico tit\u00ed, parla sobre la import\u00e0ncia de l\u2019esport per a la salut, animant els infants a moure\u2019s, explorar noves activitats i descobrir el plaer de fer exercici.[\/vc_wp_text][\/vc_column][vc_column width=&#8221;1\/3&#8243; el_class=&#8221;foto_no&#8221;][vc_single_image image=&#8221;4427&#8243; img_size=&#8221;full&#8221; alignment=&#8221;center&#8221; css=&#8221;&#8221;][\/vc_column][\/vc_row][vc_row gap=&#8221;10&#8243; equal_height=&#8221;yes&#8221; css_animation=&#8221;fadeInUp&#8221; el_class=&#8221;fotos_kids&#8221;][vc_column width=&#8221;5\/12&#8243;][vc_single_image image=&#8221;5252&#8243; img_size=&#8221;full&#8221; alignment=&#8221;center&#8221; css=&#8221;&#8221;][\/vc_column][vc_column width=&#8221;1\/4&#8243; el_class=&#8221;text_medio&#8221;][vc_wp_text el_class=&#8221;texto_kids&#8221;]<\/p>\n<h2>Pitico e Pitica<\/h2>\n<p>La simp\u00e0tica parella de periquitos, en <strong>Pitico<\/strong> i la <strong>Pitica<\/strong>, aporten lleugeresa i alegria a les activitats, interactuant amb els infants en els tradicionals jocs de roda, estimulant el moviment, la musicalitat i la integraci\u00f3 entre els m\u00e9s petits.[\/vc_wp_text][\/vc_column][vc_column width=&#8221;1\/3&#8243; el_class=&#8221;foto_no&#8221;][vc_single_image image=&#8221;4439&#8243; img_size=&#8221;full&#8221; alignment=&#8221;center&#8221; css=&#8221;&#8221;]<div class=\"ult-spacer spacer-69e5c75b2d8f5\" data-id=\"69e5c75b2d8f5\" data-height=\"20\" data-height-mobile=\"20\" data-height-tab=\"20\" data-height-tab-portrait=\"\" data-height-mobile-landscape=\"\" style=\"clear:both;display:block;\"><\/div>[\/vc_column][\/vc_row][vc_row][vc_column]<div class=\"ult-spacer spacer-69e5c75b2d915\" data-id=\"69e5c75b2d915\" data-height=\"50\" data-height-mobile=\"50\" data-height-tab=\"50\" data-height-tab-portrait=\"\" data-height-mobile-landscape=\"\" style=\"clear:both;display:block;\"><\/div>[\/vc_column][\/vc_row][\/vc_section]<\/p>\n<\/div>","protected":false},"excerpt":{"rendered":"<p>[vc_row full_width=&#8221;stretch_row_content_no_spaces&#8221; el_class=&#8221;banner-reserva&#8221;][vc_column][\/vc_column][\/vc_row][vc_row][vc_column][vc_column_text][\/vc_column_text][\/vc_column][\/vc_row][vc_section full_width=&#8221;stretch_row&#8221; css=&#8221;.vc_custom_1765216691211{background-color: #D4FFB4 !important;}&#8221;][vc_row][vc_column][\/vc_column][\/vc_row][vc_row gap=&#8221;10&#8243; equal_height=&#8221;yes&#8221; css_animation=&#8221;fadeInUp&#8221;][vc_column][vc_wp_text el_class=&#8221;texto_kids&#8221;] Coneix tots els membres de la [\/vc_wp_text][\/vc_column][\/vc_row][vc_row gap=&#8221;10&#8243; equal_height=&#8221;yes&#8221; css_animation=&#8221;fadeInUp&#8221;][vc_column][vc_single_image image=&#8221;999&#8243; img_size=&#8221;full&#8221; alignment=&#8221;center&#8221; css=&#8221;&#8221;][\/vc_column][\/vc_row][vc_row][vc_column][\/vc_column][\/vc_row][vc_row gap=&#8221;10&#8243; equal_height=&#8221;yes&#8221; css_animation=&#8221;fadeInUp&#8221; el_class=&#8221;fotos_kids&#8221;][vc_column width=&#8221;5\/12&#8243;][vc_single_image image=&#8221;4413&#8243; img_size=&#8221;full&#8221; alignment=&#8221;center&#8221; css=&#8221;&#8221;][\/vc_column][vc_column width=&#8221;1\/4&#8243; el_class=&#8221;text_medio&#8221;][vc_wp_text el_class=&#8221;texto_kids&#8221;] Solim L\u00edder de la classe i ple d\u2019energia, en Solim \u00e9s qui condueix els jocs i d\u00f3na la [&hellip;]<\/p>\n","protected":false},"author":7,"featured_media":6356,"parent":0,"menu_order":0,"comment_status":"closed","ping_status":"closed","template":"","meta":{"_acf_changed":false,"footnotes":""},"class_list":["post-6355","page","type-page","status-publish","has-post-thumbnail","hentry"],"acf":[],"_links":{"self":[{"href":"https:\/\/serhsnatalgrandhotel.com\/ca\/wp-json\/wp\/v2\/pages\/6355","targetHints":{"allow":["GET"]}}],"collection":[{"href":"https:\/\/serhsnatalgrandhotel.com\/ca\/wp-json\/wp\/v2\/pages"}],"about":[{"href":"https:\/\/serhsnatalgrandhotel.com\/ca\/wp-json\/wp\/v2\/types\/page"}],"author":[{"embeddable":true,"href":"https:\/\/serhsnatalgrandhotel.com\/ca\/wp-json\/wp\/v2\/users\/7"}],"replies":[{"embeddable":true,"href":"https:\/\/serhsnatalgrandhotel.com\/ca\/wp-json\/wp\/v2\/comments?post=6355"}],"version-history":[{"count":3,"href":"https:\/\/serhsnatalgrandhotel.com\/ca\/wp-json\/wp\/v2\/pages\/6355\/revisions"}],"predecessor-version":[{"id":6360,"href":"https:\/\/serhsnatalgrandhotel.com\/ca\/wp-json\/wp\/v2\/pages\/6355\/revisions\/6360"}],"wp:featuredmedia":[{"embeddable":true,"href":"https:\/\/serhsnatalgrandhotel.com\/ca\/wp-json\/wp\/v2\/media\/6356"}],"wp:attachment":[{"href":"https:\/\/serhsnatalgrandhotel.com\/ca\/wp-json\/wp\/v2\/media?parent=6355"}],"curies":[{"name":"wp","href":"https:\/\/api.w.org\/{rel}","templated":true}]}}